{"id":7094,"date":"2025-07-13T10:54:33","date_gmt":"2025-07-13T14:54:33","guid":{"rendered":"https:\/\/oppimaa.com\/?post_type=product&#038;p=7094"},"modified":"2026-01-29T16:40:49","modified_gmt":"2026-01-29T21:40:49","slug":"neuroroznorodnosc-od-wczesnego-dziecinstwa-do-wieku-dojrzewania","status":"publish","type":"product","link":"https:\/\/oppimaa.com\/?product=neuroroznorodnosc-od-wczesnego-dziecinstwa-do-wieku-dojrzewania&lang=pl","title":{"rendered":"Neuror\u00f3\u017cnorodno\u015b\u0107 od wczesnego dzieci\u0144stwa do wieku dojrzewania"},"content":{"rendered":"<h6 style=\"text-align: left;\"><strong>90-dniowa gwarancja zwrotu pieni\u0119dzy<\/strong><\/h6>\n","protected":false},"excerpt":{"rendered":"<p>90-dniowa gwarancja zwrotu pieni\u0119dzy<\/p>\n","protected":false},"featured_media":8501,"template":"","meta":{"_kad_post_transparent":"default","_kad_post_title":"","_kad_post_layout":"default","_kad_post_sidebar_id":"","_kad_post_content_style":"default","_kad_post_vertical_padding":"default","_kad_post_feature":"","_kad_post_feature_position":"","_kad_post_header":false,"_kad_post_footer":false,"_kad_post_classname":""},"product_brand":[],"product_cat":[117],"product_tag":[],"class_list":{"0":"post-7094","1":"product","2":"type-product","3":"status-publish","4":"has-post-thumbnail","6":"product_cat-uncategorized-pl","8":"first","9":"instock","10":"sale","11":"sold-individually","12":"taxable","13":"shipping-taxable","14":"purchasable","15":"product-type-simple","16":"entry","17":"content-bg","18":"loop-entry"},"_links":{"self":[{"href":"https:\/\/oppimaa.com\/index.php?rest_route=\/wp\/v2\/product\/7094","targetHints":{"allow":["GET"]}}],"collection":[{"href":"https:\/\/oppimaa.com\/index.php?rest_route=\/wp\/v2\/product"}],"about":[{"href":"https:\/\/oppimaa.com\/index.php?rest_route=\/wp\/v2\/types\/product"}],"wp:featuredmedia":[{"embeddable":true,"href":"https:\/\/oppimaa.com\/index.php?rest_route=\/wp\/v2\/media\/8501"}],"wp:attachment":[{"href":"https:\/\/oppimaa.com\/index.php?rest_route=%2Fwp%2Fv2%2Fmedia&parent=7094"}],"wp:term":[{"taxonomy":"product_brand","embeddable":true,"href":"https:\/\/oppimaa.com\/index.php?rest_route=%2Fwp%2Fv2%2Fproduct_brand&post=7094"},{"taxonomy":"product_cat","embeddable":true,"href":"https:\/\/oppimaa.com\/index.php?rest_route=%2Fwp%2Fv2%2Fproduct_cat&post=7094"},{"taxonomy":"product_tag","embeddable":true,"href":"https:\/\/oppimaa.com\/index.php?rest_route=%2Fwp%2Fv2%2Fproduct_tag&post=7094"}],"curies":[{"name":"wp","href":"https:\/\/api.w.org\/{rel}","templated":true}]}}