{"id":8202,"date":"2025-03-07T19:58:21","date_gmt":"2025-03-08T00:58:21","guid":{"rendered":"https:\/\/oppimaa.com\/cart\/"},"modified":"2026-01-25T13:06:41","modified_gmt":"2026-01-25T18:06:41","slug":"koszyk","status":"publish","type":"page","link":"https:\/\/oppimaa.com\/?page_id=8202&lang=pl","title":{"rendered":"Koszyk"},"content":{"rendered":"\n<p>Kliknij \u201e<strong>Przejd\u017a do p\u0142atno\u015bci<\/strong>\u201d, wybierz <strong>Polsk\u0119 jako kraj<\/strong> i zap\u0142a\u0107 przez <strong>Przelewy24<\/strong>.<br><\/p>\n\n\n<div class=\"woocommerce\"><div class=\"woocommerce-notices-wrapper\"><\/div><div class=\"wc-empty-cart-message\">\n\t<div class=\"cart-empty woocommerce-info\" role=\"status\">\n\t\tYour cart is currently empty.\t<\/div>\n<\/div>\t<p class=\"return-to-shop\">\n\t\t<a class=\"button wc-backward\" href=\"https:\/\/oppimaa.com\/?page_id=7418\">\n\t\t\tReturn to shop\t\t<\/a>\n\t<\/p>\n<\/div>\n","protected":false},"excerpt":{"rendered":"<p>Kliknij \u201ePrzejd\u017a do p\u0142atno\u015bci\u201d, wybierz Polsk\u0119 jako kraj i zap\u0142a\u0107 przez Przelewy24.<\/p>\n","protected":false},"author":1,"featured_media":0,"parent":0,"menu_order":0,"comment_status":"closed","ping_status":"closed","template":"","meta":{"_kad_post_transparent":"","_kad_post_title":"","_kad_post_layout":"","_kad_post_sidebar_id":"","_kad_post_content_style":"","_kad_post_vertical_padding":"","_kad_post_feature":"","_kad_post_feature_position":"","_kad_post_header":true,"_kad_post_footer":true,"_kad_post_classname":"","footnotes":""},"class_list":["post-8202","page","type-page","status-publish","hentry"],"_links":{"self":[{"href":"https:\/\/oppimaa.com\/index.php?rest_route=\/wp\/v2\/pages\/8202","targetHints":{"allow":["GET"]}}],"collection":[{"href":"https:\/\/oppimaa.com\/index.php?rest_route=\/wp\/v2\/pages"}],"about":[{"href":"https:\/\/oppimaa.com\/index.php?rest_route=\/wp\/v2\/types\/page"}],"author":[{"embeddable":true,"href":"https:\/\/oppimaa.com\/index.php?rest_route=\/wp\/v2\/users\/1"}],"replies":[{"embeddable":true,"href":"https:\/\/oppimaa.com\/index.php?rest_route=%2Fwp%2Fv2%2Fcomments&post=8202"}],"version-history":[{"count":4,"href":"https:\/\/oppimaa.com\/index.php?rest_route=\/wp\/v2\/pages\/8202\/revisions"}],"predecessor-version":[{"id":9020,"href":"https:\/\/oppimaa.com\/index.php?rest_route=\/wp\/v2\/pages\/8202\/revisions\/9020"}],"wp:attachment":[{"href":"https:\/\/oppimaa.com\/index.php?rest_route=%2Fwp%2Fv2%2Fmedia&parent=8202"}],"curies":[{"name":"wp","href":"https:\/\/api.w.org\/{rel}","templated":true}]}}