{"id":8192,"date":"2025-03-07T19:58:21","date_gmt":"2025-03-08T00:58:21","guid":{"rendered":"https:\/\/oppimaa.com\/checkout\/"},"modified":"2026-02-04T11:19:13","modified_gmt":"2026-02-04T16:19:13","slug":"finalizar-compra","status":"publish","type":"page","link":"https:\/\/oppimaa.com\/?page_id=8192&lang=es","title":{"rendered":"Finalizar compra"},"content":{"rendered":"<style>.kb-row-layout-id8192_8e6e8f-78 > .kt-row-column-wrap{align-content:start;}:where(.kb-row-layout-id8192_8e6e8f-78 > .kt-row-column-wrap) > .wp-block-kadence-column{justify-content:start;}.kb-row-layout-id8192_8e6e8f-78 > .kt-row-column-wrap{column-gap:var(--global-kb-gap-md, 2rem);row-gap:var(--global-kb-gap-md, 2rem);padding-top:0px;padding-bottom:0px;}.kb-row-layout-id8192_8e6e8f-78 > .kt-row-column-wrap > div:not(.added-for-specificity){grid-column:initial;}.kb-row-layout-id8192_8e6e8f-78 > .kt-row-column-wrap{grid-template-columns:repeat(3, minmax(0, 1fr));}.kb-row-layout-id8192_8e6e8f-78 > .kt-row-layout-overlay{opacity:0.30;}@media all and (max-width: 1024px){.kb-row-layout-id8192_8e6e8f-78 > .kt-row-column-wrap > div:not(.added-for-specificity){grid-column:initial;}}@media all and (max-width: 1024px){.kb-row-layout-id8192_8e6e8f-78 > .kt-row-column-wrap{grid-template-columns:repeat(3, minmax(0, 1fr));}}@media all and (max-width: 767px){.kb-row-layout-id8192_8e6e8f-78 > .kt-row-column-wrap > div:not(.added-for-specificity){grid-column:initial;}.kb-row-layout-id8192_8e6e8f-78 > .kt-row-column-wrap{grid-template-columns:minmax(0, 1fr);}}<\/style><div class=\"kb-row-layout-wrap kb-row-layout-id8192_8e6e8f-78 alignnone wp-block-kadence-rowlayout\"><div class=\"kt-row-column-wrap kt-has-3-columns kt-row-layout-equal kt-tab-layout-inherit kt-mobile-layout-row kt-row-valign-top\">\n<style>.kadence-column8192_21d294-70 > .kt-inside-inner-col,.kadence-column8192_21d294-70 > .kt-inside-inner-col:before{border-top-left-radius:0px;border-top-right-radius:0px;border-bottom-right-radius:0px;border-bottom-left-radius:0px;}.kadence-column8192_21d294-70 > .kt-inside-inner-col{column-gap:var(--global-kb-gap-sm, 1rem);}.kadence-column8192_21d294-70 > .kt-inside-inner-col{flex-direction:column;}.kadence-column8192_21d294-70 > .kt-inside-inner-col > .aligncenter{width:100%;}.kadence-column8192_21d294-70 > .kt-inside-inner-col:before{opacity:0.3;}.kadence-column8192_21d294-70{position:relative;}@media all and (max-width: 1024px){.kadence-column8192_21d294-70 > .kt-inside-inner-col{flex-direction:column;justify-content:center;}}@media all and (max-width: 767px){.kadence-column8192_21d294-70 > .kt-inside-inner-col{flex-direction:column;justify-content:center;}}<\/style>\n<div class=\"wp-block-kadence-column kadence-column8192_21d294-70\"><div class=\"kt-inside-inner-col\"><\/div><\/div>\n\n\n<style>.kadence-column8192_3fb3bf-91 > .kt-inside-inner-col{padding-bottom:0px;}.kadence-column8192_3fb3bf-91 > .kt-inside-inner-col,.kadence-column8192_3fb3bf-91 > .kt-inside-inner-col:before{border-top-left-radius:0px;border-top-right-radius:0px;border-bottom-right-radius:0px;border-bottom-left-radius:0px;}.kadence-column8192_3fb3bf-91 > .kt-inside-inner-col{column-gap:var(--global-kb-gap-sm, 1rem);}.kadence-column8192_3fb3bf-91 > .kt-inside-inner-col{flex-direction:column;}.kadence-column8192_3fb3bf-91 > .kt-inside-inner-col > .aligncenter{width:100%;}.kadence-column8192_3fb3bf-91 > .kt-inside-inner-col:before{opacity:0.3;}.kadence-column8192_3fb3bf-91{position:relative;}@media all and (max-width: 1024px){.kadence-column8192_3fb3bf-91 > .kt-inside-inner-col{flex-direction:column;justify-content:center;}}@media all and (max-width: 767px){.kadence-column8192_3fb3bf-91 > .kt-inside-inner-col{flex-direction:column;justify-content:center;}}<\/style>\n<div class=\"wp-block-kadence-column kadence-column8192_3fb3bf-91\"><div class=\"kt-inside-inner-col\"><div class=\"wp-block-image\">\n<figure class=\"aligncenter size-large is-resized\"><img loading=\"lazy\" decoding=\"async\" width=\"1024\" height=\"683\" src=\"https:\/\/oppimaa.com\/wp-content\/uploads\/2026\/01\/image-1-1024x683.webp\" alt=\"\" class=\"wp-image-9094\" style=\"width:100px\" srcset=\"https:\/\/oppimaa.com\/wp-content\/uploads\/2026\/01\/image-1-1024x683.webp 1024w, https:\/\/oppimaa.com\/wp-content\/uploads\/2026\/01\/image-1-300x200.webp 300w, https:\/\/oppimaa.com\/wp-content\/uploads\/2026\/01\/image-1-768x512.webp 768w, https:\/\/oppimaa.com\/wp-content\/uploads\/2026\/01\/image-1-600x400.webp 600w, https:\/\/oppimaa.com\/wp-content\/uploads\/2026\/01\/image-1.webp 1536w\" sizes=\"auto, (max-width: 1024px) 100vw, 1024px\" \/><\/figure><\/div><\/div><\/div>\n\n\n<style>.kadence-column8192_ba267d-e9 > .kt-inside-inner-col,.kadence-column8192_ba267d-e9 > .kt-inside-inner-col:before{border-top-left-radius:0px;border-top-right-radius:0px;border-bottom-right-radius:0px;border-bottom-left-radius:0px;}.kadence-column8192_ba267d-e9 > .kt-inside-inner-col{column-gap:var(--global-kb-gap-sm, 1rem);}.kadence-column8192_ba267d-e9 > .kt-inside-inner-col{flex-direction:column;}.kadence-column8192_ba267d-e9 > .kt-inside-inner-col > .aligncenter{width:100%;}.kadence-column8192_ba267d-e9 > .kt-inside-inner-col:before{opacity:0.3;}.kadence-column8192_ba267d-e9{position:relative;}@media all and (max-width: 1024px){.kadence-column8192_ba267d-e9 > .kt-inside-inner-col{flex-direction:column;justify-content:center;}}@media all and (max-width: 767px){.kadence-column8192_ba267d-e9 > .kt-inside-inner-col{flex-direction:column;justify-content:center;}}<\/style>\n<div class=\"wp-block-kadence-column kadence-column8192_ba267d-e9\"><div class=\"kt-inside-inner-col\"><\/div><\/div>\n\n<\/div><\/div>\n\n<style>.kb-row-layout-id8192_d45260-c8 > .kt-row-column-wrap{align-content:start;}:where(.kb-row-layout-id8192_d45260-c8 > .kt-row-column-wrap) > .wp-block-kadence-column{justify-content:start;}.kb-row-layout-id8192_d45260-c8 > .kt-row-column-wrap{column-gap:var(--global-kb-gap-md, 2rem);row-gap:var(--global-kb-gap-md, 2rem);padding-top:0px;padding-bottom:0px;grid-template-columns:minmax(0, 1fr);}.kb-row-layout-id8192_d45260-c8 > .kt-row-layout-overlay{opacity:0.30;}@media all and (max-width: 1024px){.kb-row-layout-id8192_d45260-c8 > .kt-row-column-wrap{grid-template-columns:minmax(0, 1fr);}}@media all and (max-width: 767px){.kb-row-layout-id8192_d45260-c8 > .kt-row-column-wrap{grid-template-columns:minmax(0, 1fr);}}<\/style><div class=\"kb-row-layout-wrap kb-row-layout-id8192_d45260-c8 alignnone wp-block-kadence-rowlayout\"><div class=\"kt-row-column-wrap kt-has-1-columns kt-row-layout-equal kt-tab-layout-inherit kt-mobile-layout-row kt-row-valign-top\">\n<style>.kadence-column8192_6336bf-0b > .kt-inside-inner-col,.kadence-column8192_6336bf-0b > .kt-inside-inner-col:before{border-top-left-radius:0px;border-top-right-radius:0px;border-bottom-right-radius:0px;border-bottom-left-radius:0px;}.kadence-column8192_6336bf-0b > .kt-inside-inner-col{column-gap:var(--global-kb-gap-sm, 1rem);}.kadence-column8192_6336bf-0b > .kt-inside-inner-col{flex-direction:column;}.kadence-column8192_6336bf-0b > .kt-inside-inner-col > .aligncenter{width:100%;}.kadence-column8192_6336bf-0b > .kt-inside-inner-col:before{opacity:0.3;}.kadence-column8192_6336bf-0b{position:relative;}@media all and (max-width: 1024px){.kadence-column8192_6336bf-0b > .kt-inside-inner-col{flex-direction:column;justify-content:center;}}@media all and (max-width: 767px){.kadence-column8192_6336bf-0b > .kt-inside-inner-col{flex-direction:column;justify-content:center;}}<\/style>\n<div class=\"wp-block-kadence-column kadence-column8192_6336bf-0b\"><div class=\"kt-inside-inner-col\">\n<h4 class=\"wp-block-heading has-text-align-center\">\u00a1Qu\u00e9 alegr\u00eda que hayas decidido apoyar a los ni\u00f1os neurodivergentes!<\/h4>\n<\/div><\/div>\n\n<\/div><\/div>\n\n\n<h6 class=\"wp-block-heading has-text-align-center\">\ud83d\udd39 <strong><strong>Garant\u00eda de devoluci\u00f3n de dinero de 90 d\u00edas<\/strong><\/strong> \ud83d\udd39<\/h6>\n\n\n\n<p class=\"has-text-align-center\">\u2b07\ufe0f Despl\u00e1zate hacia abajo para completar tu pedido.<\/p>\n\n\n<div class=\"woocommerce\"><div class=\"woocommerce-notices-wrapper\"><\/div><\/div>\n\n\n<style>.kb-row-layout-id8192_de116f-36 > .kt-row-column-wrap{align-content:start;}:where(.kb-row-layout-id8192_de116f-36 > .kt-row-column-wrap) > .wp-block-kadence-column{justify-content:start;}.kb-row-layout-id8192_de116f-36 > .kt-row-column-wrap{column-gap:var(--global-kb-gap-md, 2rem);row-gap:var(--global-kb-gap-md, 2rem);padding-top:0px;padding-bottom:var(--global-kb-spacing-sm, 1.5rem);grid-template-columns:repeat(2, minmax(0, 1fr));}.kb-row-layout-id8192_de116f-36 > .kt-row-layout-overlay{opacity:0.30;}@media all and (max-width: 1024px){.kb-row-layout-id8192_de116f-36 > .kt-row-column-wrap{grid-template-columns:repeat(2, minmax(0, 1fr));}}@media all and (max-width: 767px){.kb-row-layout-id8192_de116f-36 > .kt-row-column-wrap{grid-template-columns:minmax(0, 1fr);}}<\/style><div class=\"kb-row-layout-wrap kb-row-layout-id8192_de116f-36 alignnone wp-block-kadence-rowlayout\"><div class=\"kt-row-column-wrap kt-has-2-columns kt-row-layout-equal kt-tab-layout-inherit kt-mobile-layout-row kt-row-valign-top\">\n<style>.kadence-column8192_af7b34-29 > .kt-inside-inner-col,.kadence-column8192_af7b34-29 > .kt-inside-inner-col:before{border-top-left-radius:0px;border-top-right-radius:0px;border-bottom-right-radius:0px;border-bottom-left-radius:0px;}.kadence-column8192_af7b34-29 > .kt-inside-inner-col{column-gap:var(--global-kb-gap-sm, 1rem);}.kadence-column8192_af7b34-29 > .kt-inside-inner-col{flex-direction:column;}.kadence-column8192_af7b34-29 > .kt-inside-inner-col > .aligncenter{width:100%;}.kadence-column8192_af7b34-29 > .kt-inside-inner-col:before{opacity:0.3;}.kadence-column8192_af7b34-29{position:relative;}@media all and (max-width: 1024px){.kadence-column8192_af7b34-29 > .kt-inside-inner-col{flex-direction:column;justify-content:center;}}@media all and (max-width: 767px){.kadence-column8192_af7b34-29 > .kt-inside-inner-col{flex-direction:column;justify-content:center;}}<\/style>\n<div class=\"wp-block-kadence-column kadence-column8192_af7b34-29\"><div class=\"kt-inside-inner-col\"><\/div><\/div>\n\n\n<style>.kadence-column8192_91cf64-72 > .kt-inside-inner-col,.kadence-column8192_91cf64-72 > .kt-inside-inner-col:before{border-top-left-radius:0px;border-top-right-radius:0px;border-bottom-right-radius:0px;border-bottom-left-radius:0px;}.kadence-column8192_91cf64-72 > .kt-inside-inner-col{column-gap:var(--global-kb-gap-sm, 1rem);}.kadence-column8192_91cf64-72 > .kt-inside-inner-col{flex-direction:column;}.kadence-column8192_91cf64-72 > .kt-inside-inner-col > .aligncenter{width:100%;}.kadence-column8192_91cf64-72 > .kt-inside-inner-col:before{opacity:0.3;}.kadence-column8192_91cf64-72{position:relative;}@media all and (max-width: 1024px){.kadence-column8192_91cf64-72 > .kt-inside-inner-col{flex-direction:column;justify-content:center;}}@media all and (max-width: 767px){.kadence-column8192_91cf64-72 > .kt-inside-inner-col{flex-direction:column;justify-content:center;}}<\/style>\n<div class=\"wp-block-kadence-column kadence-column8192_91cf64-72\"><div class=\"kt-inside-inner-col\">\n<p class=\"has-text-align-right\"><a href=\"https:\/\/oppimaa.com\/?page_id=8190&amp;lang=es\">Modifica tu carrito aqu\u00ed<\/a><\/p>\n<\/div><\/div>\n\n<\/div><\/div>\n\n\n<p><\/p>\n","protected":false},"excerpt":{"rendered":"<p>\u00a1Qu\u00e9 alegr\u00eda que hayas decidido apoyar a los ni\u00f1os neurodivergentes! \ud83d\udd39 Garant\u00eda de devoluci\u00f3n de dinero de 90 d\u00edas \ud83d\udd39 \u2b07\ufe0f Despl\u00e1zate hacia abajo para completar tu pedido. Modifica tu carrito aqu\u00ed<\/p>\n","protected":false},"author":1,"featured_media":0,"parent":0,"menu_order":0,"comment_status":"closed","ping_status":"closed","template":"","meta":{"_kad_post_transparent":"","_kad_post_title":"","_kad_post_layout":"","_kad_post_sidebar_id":"","_kad_post_content_style":"","_kad_post_vertical_padding":"","_kad_post_feature":"","_kad_post_feature_position":"","_kad_post_header":true,"_kad_post_footer":true,"_kad_post_classname":"","footnotes":""},"class_list":["post-8192","page","type-page","status-publish","hentry"],"_links":{"self":[{"href":"https:\/\/oppimaa.com\/index.php?rest_route=\/wp\/v2\/pages\/8192","targetHints":{"allow":["GET"]}}],"collection":[{"href":"https:\/\/oppimaa.com\/index.php?rest_route=\/wp\/v2\/pages"}],"about":[{"href":"https:\/\/oppimaa.com\/index.php?rest_route=\/wp\/v2\/types\/page"}],"author":[{"embeddable":true,"href":"https:\/\/oppimaa.com\/index.php?rest_route=\/wp\/v2\/users\/1"}],"replies":[{"embeddable":true,"href":"https:\/\/oppimaa.com\/index.php?rest_route=%2Fwp%2Fv2%2Fcomments&post=8192"}],"version-history":[{"count":6,"href":"https:\/\/oppimaa.com\/index.php?rest_route=\/wp\/v2\/pages\/8192\/revisions"}],"predecessor-version":[{"id":9233,"href":"https:\/\/oppimaa.com\/index.php?rest_route=\/wp\/v2\/pages\/8192\/revisions\/9233"}],"wp:attachment":[{"href":"https:\/\/oppimaa.com\/index.php?rest_route=%2Fwp%2Fv2%2Fmedia&parent=8192"}],"curies":[{"name":"wp","href":"https:\/\/api.w.org\/{rel}","templated":true}]}}