{"id":8186,"date":"2025-03-07T19:58:21","date_gmt":"2025-03-08T00:58:21","guid":{"rendered":"https:\/\/oppimaa.com\/checkout\/"},"modified":"2026-01-27T20:28:39","modified_gmt":"2026-01-28T01:28:39","slug":"checkout-2","status":"publish","type":"page","link":"https:\/\/oppimaa.com\/?page_id=8186&lang=de","title":{"rendered":"Kasse"},"content":{"rendered":"<style>.kb-row-layout-id8186_79b780-d7 > .kt-row-column-wrap{align-content:start;}:where(.kb-row-layout-id8186_79b780-d7 > .kt-row-column-wrap) > .wp-block-kadence-column{justify-content:start;}.kb-row-layout-id8186_79b780-d7 > .kt-row-column-wrap{column-gap:var(--global-kb-gap-md, 2rem);row-gap:var(--global-kb-gap-md, 2rem);padding-top:0px;padding-bottom:0px;}.kb-row-layout-id8186_79b780-d7 > .kt-row-column-wrap > div:not(.added-for-specificity){grid-column:initial;}.kb-row-layout-id8186_79b780-d7 > .kt-row-column-wrap{grid-template-columns:repeat(3, minmax(0, 1fr));}.kb-row-layout-id8186_79b780-d7 > .kt-row-layout-overlay{opacity:0.30;}@media all and (max-width: 1024px){.kb-row-layout-id8186_79b780-d7 > .kt-row-column-wrap > div:not(.added-for-specificity){grid-column:initial;}}@media all and (max-width: 1024px){.kb-row-layout-id8186_79b780-d7 > .kt-row-column-wrap{grid-template-columns:repeat(3, minmax(0, 1fr));}}@media all and (max-width: 767px){.kb-row-layout-id8186_79b780-d7 > .kt-row-column-wrap > div:not(.added-for-specificity){grid-column:initial;}.kb-row-layout-id8186_79b780-d7 > .kt-row-column-wrap{grid-template-columns:minmax(0, 1fr);}}<\/style><div class=\"kb-row-layout-wrap kb-row-layout-id8186_79b780-d7 alignnone wp-block-kadence-rowlayout\"><div class=\"kt-row-column-wrap kt-has-3-columns kt-row-layout-equal kt-tab-layout-inherit kt-mobile-layout-row kt-row-valign-top\">\n<style>.kadence-column8186_eebb43-51 > .kt-inside-inner-col,.kadence-column8186_eebb43-51 > .kt-inside-inner-col:before{border-top-left-radius:0px;border-top-right-radius:0px;border-bottom-right-radius:0px;border-bottom-left-radius:0px;}.kadence-column8186_eebb43-51 > .kt-inside-inner-col{column-gap:var(--global-kb-gap-sm, 1rem);}.kadence-column8186_eebb43-51 > .kt-inside-inner-col{flex-direction:column;}.kadence-column8186_eebb43-51 > .kt-inside-inner-col > .aligncenter{width:100%;}.kadence-column8186_eebb43-51 > .kt-inside-inner-col:before{opacity:0.3;}.kadence-column8186_eebb43-51{position:relative;}@media all and (max-width: 1024px){.kadence-column8186_eebb43-51 > .kt-inside-inner-col{flex-direction:column;justify-content:center;}}@media all and (max-width: 767px){.kadence-column8186_eebb43-51 > .kt-inside-inner-col{flex-direction:column;justify-content:center;}}<\/style>\n<div class=\"wp-block-kadence-column kadence-column8186_eebb43-51\"><div class=\"kt-inside-inner-col\"><\/div><\/div>\n\n\n<style>.kadence-column8186_2550c7-c9 > .kt-inside-inner-col{padding-bottom:0px;}.kadence-column8186_2550c7-c9 > .kt-inside-inner-col,.kadence-column8186_2550c7-c9 > .kt-inside-inner-col:before{border-top-left-radius:0px;border-top-right-radius:0px;border-bottom-right-radius:0px;border-bottom-left-radius:0px;}.kadence-column8186_2550c7-c9 > .kt-inside-inner-col{column-gap:var(--global-kb-gap-sm, 1rem);}.kadence-column8186_2550c7-c9 > .kt-inside-inner-col{flex-direction:column;}.kadence-column8186_2550c7-c9 > .kt-inside-inner-col > .aligncenter{width:100%;}.kadence-column8186_2550c7-c9 > .kt-inside-inner-col:before{opacity:0.3;}.kadence-column8186_2550c7-c9{position:relative;}@media all and (max-width: 1024px){.kadence-column8186_2550c7-c9 > .kt-inside-inner-col{flex-direction:column;justify-content:center;}}@media all and (max-width: 767px){.kadence-column8186_2550c7-c9 > .kt-inside-inner-col{flex-direction:column;justify-content:center;}}<\/style>\n<div class=\"wp-block-kadence-column kadence-column8186_2550c7-c9\"><div class=\"kt-inside-inner-col\"><div class=\"wp-block-image\">\n<figure class=\"aligncenter size-large is-resized\"><img loading=\"lazy\" decoding=\"async\" width=\"1024\" height=\"683\" src=\"https:\/\/oppimaa.com\/wp-content\/uploads\/2026\/01\/image-1-1024x683.webp\" alt=\"\" class=\"wp-image-9094\" style=\"width:100px\" srcset=\"https:\/\/oppimaa.com\/wp-content\/uploads\/2026\/01\/image-1-1024x683.webp 1024w, https:\/\/oppimaa.com\/wp-content\/uploads\/2026\/01\/image-1-300x200.webp 300w, https:\/\/oppimaa.com\/wp-content\/uploads\/2026\/01\/image-1-768x512.webp 768w, https:\/\/oppimaa.com\/wp-content\/uploads\/2026\/01\/image-1-600x400.webp 600w, https:\/\/oppimaa.com\/wp-content\/uploads\/2026\/01\/image-1.webp 1536w\" sizes=\"auto, (max-width: 1024px) 100vw, 1024px\" \/><\/figure><\/div><\/div><\/div>\n\n\n<style>.kadence-column8186_2c67e2-cd > .kt-inside-inner-col,.kadence-column8186_2c67e2-cd > .kt-inside-inner-col:before{border-top-left-radius:0px;border-top-right-radius:0px;border-bottom-right-radius:0px;border-bottom-left-radius:0px;}.kadence-column8186_2c67e2-cd > .kt-inside-inner-col{column-gap:var(--global-kb-gap-sm, 1rem);}.kadence-column8186_2c67e2-cd > .kt-inside-inner-col{flex-direction:column;}.kadence-column8186_2c67e2-cd > .kt-inside-inner-col > .aligncenter{width:100%;}.kadence-column8186_2c67e2-cd > .kt-inside-inner-col:before{opacity:0.3;}.kadence-column8186_2c67e2-cd{position:relative;}@media all and (max-width: 1024px){.kadence-column8186_2c67e2-cd > .kt-inside-inner-col{flex-direction:column;justify-content:center;}}@media all and (max-width: 767px){.kadence-column8186_2c67e2-cd > .kt-inside-inner-col{flex-direction:column;justify-content:center;}}<\/style>\n<div class=\"wp-block-kadence-column kadence-column8186_2c67e2-cd\"><div class=\"kt-inside-inner-col\"><\/div><\/div>\n\n<\/div><\/div>\n\n<style>.kb-row-layout-id8186_58d586-f7 > .kt-row-column-wrap{align-content:start;}:where(.kb-row-layout-id8186_58d586-f7 > .kt-row-column-wrap) > .wp-block-kadence-column{justify-content:start;}.kb-row-layout-id8186_58d586-f7 > .kt-row-column-wrap{column-gap:var(--global-kb-gap-md, 2rem);row-gap:var(--global-kb-gap-md, 2rem);padding-top:0px;padding-bottom:0px;grid-template-columns:minmax(0, 1fr);}.kb-row-layout-id8186_58d586-f7 > .kt-row-layout-overlay{opacity:0.30;}@media all and (max-width: 1024px){.kb-row-layout-id8186_58d586-f7 > .kt-row-column-wrap{grid-template-columns:minmax(0, 1fr);}}@media all and (max-width: 767px){.kb-row-layout-id8186_58d586-f7 > .kt-row-column-wrap{grid-template-columns:minmax(0, 1fr);}}<\/style><div class=\"kb-row-layout-wrap kb-row-layout-id8186_58d586-f7 alignnone wp-block-kadence-rowlayout\"><div class=\"kt-row-column-wrap kt-has-1-columns kt-row-layout-equal kt-tab-layout-inherit kt-mobile-layout-row kt-row-valign-top\">\n<style>.kadence-column8186_1675d0-a9 > .kt-inside-inner-col,.kadence-column8186_1675d0-a9 > .kt-inside-inner-col:before{border-top-left-radius:0px;border-top-right-radius:0px;border-bottom-right-radius:0px;border-bottom-left-radius:0px;}.kadence-column8186_1675d0-a9 > .kt-inside-inner-col{column-gap:var(--global-kb-gap-sm, 1rem);}.kadence-column8186_1675d0-a9 > .kt-inside-inner-col{flex-direction:column;}.kadence-column8186_1675d0-a9 > .kt-inside-inner-col > .aligncenter{width:100%;}.kadence-column8186_1675d0-a9 > .kt-inside-inner-col:before{opacity:0.3;}.kadence-column8186_1675d0-a9{position:relative;}@media all and (max-width: 1024px){.kadence-column8186_1675d0-a9 > .kt-inside-inner-col{flex-direction:column;justify-content:center;}}@media all and (max-width: 767px){.kadence-column8186_1675d0-a9 > .kt-inside-inner-col{flex-direction:column;justify-content:center;}}<\/style>\n<div class=\"wp-block-kadence-column kadence-column8186_1675d0-a9\"><div class=\"kt-inside-inner-col\">\n<h4 class=\"wp-block-heading has-text-align-center\">Wie sch\u00f6n, dass Sie neurodivergente Kinder unterst\u00fctzen m\u00f6chten!<\/h4>\n<\/div><\/div>\n\n<\/div><\/div>\n\n\n<h6 class=\"wp-block-heading has-text-align-center\">\ud83d\udd39 <strong>90-Tage-Geld-zur\u00fcck-Garantie<\/strong> \ud83d\udd39<\/h6>\n\n\n\n<p class=\"has-text-align-center\">\u2b07\ufe0f Nach unten scrollen, um den Kauf abzuschlie\u00dfen.<\/p>\n\n\n<div class=\"woocommerce\"><div class=\"woocommerce-notices-wrapper\"><\/div><\/div>\n\n\n<style>.kb-row-layout-id8186_d14a9a-e4 > .kt-row-column-wrap{align-content:start;}:where(.kb-row-layout-id8186_d14a9a-e4 > .kt-row-column-wrap) > .wp-block-kadence-column{justify-content:start;}.kb-row-layout-id8186_d14a9a-e4 > .kt-row-column-wrap{column-gap:var(--global-kb-gap-md, 2rem);row-gap:var(--global-kb-gap-md, 2rem);padding-top:var(--global-kb-spacing-sm, 1.5rem);padding-bottom:var(--global-kb-spacing-sm, 1.5rem);grid-template-columns:repeat(2, minmax(0, 1fr));}.kb-row-layout-id8186_d14a9a-e4 > .kt-row-layout-overlay{opacity:0.30;}@media all and (max-width: 1024px){.kb-row-layout-id8186_d14a9a-e4 > .kt-row-column-wrap{grid-template-columns:repeat(2, minmax(0, 1fr));}}@media all and (max-width: 767px){.kb-row-layout-id8186_d14a9a-e4 > .kt-row-column-wrap{grid-template-columns:minmax(0, 1fr);}}<\/style><div class=\"kb-row-layout-wrap kb-row-layout-id8186_d14a9a-e4 alignnone wp-block-kadence-rowlayout\"><div class=\"kt-row-column-wrap kt-has-2-columns kt-row-layout-equal kt-tab-layout-inherit kt-mobile-layout-row kt-row-valign-top\">\n<style>.kadence-column8186_050b0a-c7 > .kt-inside-inner-col,.kadence-column8186_050b0a-c7 > .kt-inside-inner-col:before{border-top-left-radius:0px;border-top-right-radius:0px;border-bottom-right-radius:0px;border-bottom-left-radius:0px;}.kadence-column8186_050b0a-c7 > .kt-inside-inner-col{column-gap:var(--global-kb-gap-sm, 1rem);}.kadence-column8186_050b0a-c7 > .kt-inside-inner-col{flex-direction:column;}.kadence-column8186_050b0a-c7 > .kt-inside-inner-col > .aligncenter{width:100%;}.kadence-column8186_050b0a-c7 > .kt-inside-inner-col:before{opacity:0.3;}.kadence-column8186_050b0a-c7{position:relative;}@media all and (max-width: 1024px){.kadence-column8186_050b0a-c7 > .kt-inside-inner-col{flex-direction:column;justify-content:center;}}@media all and (max-width: 767px){.kadence-column8186_050b0a-c7 > .kt-inside-inner-col{flex-direction:column;justify-content:center;}}<\/style>\n<div class=\"wp-block-kadence-column kadence-column8186_050b0a-c7\"><div class=\"kt-inside-inner-col\"><\/div><\/div>\n\n\n<style>.kadence-column8186_bf216c-0d > .kt-inside-inner-col,.kadence-column8186_bf216c-0d > .kt-inside-inner-col:before{border-top-left-radius:0px;border-top-right-radius:0px;border-bottom-right-radius:0px;border-bottom-left-radius:0px;}.kadence-column8186_bf216c-0d > .kt-inside-inner-col{column-gap:var(--global-kb-gap-sm, 1rem);}.kadence-column8186_bf216c-0d > .kt-inside-inner-col{flex-direction:column;}.kadence-column8186_bf216c-0d > .kt-inside-inner-col > .aligncenter{width:100%;}.kadence-column8186_bf216c-0d > .kt-inside-inner-col:before{opacity:0.3;}.kadence-column8186_bf216c-0d{position:relative;}@media all and (max-width: 1024px){.kadence-column8186_bf216c-0d > .kt-inside-inner-col{flex-direction:column;justify-content:center;}}@media all and (max-width: 767px){.kadence-column8186_bf216c-0d > .kt-inside-inner-col{flex-direction:column;justify-content:center;}}<\/style>\n<div class=\"wp-block-kadence-column kadence-column8186_bf216c-0d\"><div class=\"kt-inside-inner-col\">\n<p class=\"has-text-align-right\"><a href=\"https:\/\/oppimaa.com\/?page_id=8184&amp;lang=de\">Bearbeiten Sie den Inhalt Ihres Warenkorbs hier<\/a><\/p>\n<\/div><\/div>\n\n<\/div><\/div>\n\n\n<p><\/p>\n","protected":false},"excerpt":{"rendered":"<p>Wie sch\u00f6n, dass Sie neurodivergente Kinder unterst\u00fctzen m\u00f6chten! \ud83d\udd39 90-Tage-Geld-zur\u00fcck-Garantie \ud83d\udd39 \u2b07\ufe0f Nach unten scrollen, um den Kauf abzuschlie\u00dfen. Bearbeiten Sie den Inhalt Ihres Warenkorbs hier<\/p>\n","protected":false},"author":1,"featured_media":0,"parent":0,"menu_order":0,"comment_status":"closed","ping_status":"closed","template":"","meta":{"_kad_post_transparent":"","_kad_post_title":"","_kad_post_layout":"","_kad_post_sidebar_id":"","_kad_post_content_style":"","_kad_post_vertical_padding":"","_kad_post_feature":"","_kad_post_feature_position":"","_kad_post_header":true,"_kad_post_footer":true,"_kad_post_classname":"","footnotes":""},"class_list":["post-8186","page","type-page","status-publish","hentry"],"_links":{"self":[{"href":"https:\/\/oppimaa.com\/index.php?rest_route=\/wp\/v2\/pages\/8186","targetHints":{"allow":["GET"]}}],"collection":[{"href":"https:\/\/oppimaa.com\/index.php?rest_route=\/wp\/v2\/pages"}],"about":[{"href":"https:\/\/oppimaa.com\/index.php?rest_route=\/wp\/v2\/types\/page"}],"author":[{"embeddable":true,"href":"https:\/\/oppimaa.com\/index.php?rest_route=\/wp\/v2\/users\/1"}],"replies":[{"embeddable":true,"href":"https:\/\/oppimaa.com\/index.php?rest_route=%2Fwp%2Fv2%2Fcomments&post=8186"}],"version-history":[{"count":16,"href":"https:\/\/oppimaa.com\/index.php?rest_route=\/wp\/v2\/pages\/8186\/revisions"}],"predecessor-version":[{"id":9103,"href":"https:\/\/oppimaa.com\/index.php?rest_route=\/wp\/v2\/pages\/8186\/revisions\/9103"}],"wp:attachment":[{"href":"https:\/\/oppimaa.com\/index.php?rest_route=%2Fwp%2Fv2%2Fmedia&parent=8186"}],"curies":[{"name":"wp","href":"https:\/\/api.w.org\/{rel}","templated":true}]}}