{"id":7128,"date":"2025-07-13T11:16:57","date_gmt":"2025-07-13T15:16:57","guid":{"rendered":"https:\/\/oppimaa.com\/?page_id=7128"},"modified":"2026-01-10T13:23:29","modified_gmt":"2026-01-10T18:23:29","slug":"o-nas","status":"publish","type":"page","link":"https:\/\/oppimaa.com\/?page_id=7128&lang=pl","title":{"rendered":"O nas"},"content":{"rendered":"\n\n\t\t\t\t<img decoding=\"async\" src=\"https:\/\/oppimaa.com\/wp-content\/plugins\/beaver-builder-lite-version\/img\/pixel.png\" alt=\"\" itemprop=\"image\" onerror=\"this.style.display='none'\" loading=\"lazy\" \/>\n\t\t\t\t<img decoding=\"async\" src=\"https:\/\/oppimaa.com\/wp-content\/plugins\/beaver-builder-lite-version\/img\/pixel.png\" alt=\"\" itemprop=\"image\" onerror=\"this.style.display='none'\" loading=\"lazy\" \/>\n\t\t\t\t<img decoding=\"async\" src=\"https:\/\/oppimaa.com\/wp-content\/plugins\/beaver-builder-lite-version\/img\/pixel.png\" alt=\"\" itemprop=\"image\" onerror=\"this.style.display='none'\" loading=\"lazy\" \/>\n\t\t\t\t<img decoding=\"async\" src=\"https:\/\/oppimaa.com\/wp-content\/plugins\/beaver-builder-lite-version\/img\/pixel.png\" alt=\"\" itemprop=\"image\" onerror=\"this.style.display='none'\" loading=\"lazy\" \/>\n\t\t\t\t<img decoding=\"async\" src=\"https:\/\/oppimaa.com\/wp-content\/plugins\/beaver-builder-lite-version\/img\/pixel.png\" alt=\"\" itemprop=\"image\" onerror=\"this.style.display='none'\" loading=\"lazy\" \/>\n<h2>\n\t\t\tO firmie Oppimaa\t<\/h2>\n\t<p>Oppimaa, co po fi\u0144sku oznacza \u201eKraina Nauki&#8221;, powsta\u0142a z jasno okre\u015blon\u0105 wizj\u0105. Nasza za\u0142o\u017cycielka, Helena Lehtim\u00e4ki, do\u015bwiadczona dziennikarka, pocz\u0105tkowo uruchomi\u0142a Oppimaa jako magazyn internetowy skierowany do nauczycieli. To, co zacz\u0119\u0142o si\u0119 jako niewielka inicjatywa, rozwin\u0119\u0142o si\u0119 w globaln\u0105 platform\u0119 nap\u0119dzan\u0105 pasj\u0105 do transformacji edukacji.<\/p>\n<h2>\n\t\t\tIskra inspiracji<br \/>\t<\/h2>\n\t<p>Fi\u0144ski system edukacji od lat plasuje si\u0119 w czo\u0142\u00f3wce \u015bwiatowych ranking\u00f3w, co budzi ogromne mi\u0119dzynarodowe zainteresowanie. Helena chcia\u0142a odkry\u0107 sekret tego sukcesu. Przeprowadzi\u0142a setki wywiad\u00f3w z fi\u0144skimi ekspertami edukacyjnymi, poszukuj\u0105c odpowiedzi na pytanie, co sprawia, \u017ce ten system jest wyj\u0105tkowy. Wiele razy powtarza\u0142 si\u0119 jeden kluczowy wniosek: nauczyciele odczuwali, \u017ce dzieci neuroatypowe &#8211; z ADHD, ADD, autyzmem lub podobnymi cechami &#8211; nie s\u0105 wystarczaj\u0105co wcze\u015bnie rozpoznawane ani odpowiednio wspierane. To odkrycie sta\u0142o si\u0119 fundamentem misji Oppimaa.<\/p>\n<h2>\n\t\t\tOdpowied\u017a na potrzeby<br \/>\t<\/h2>\n\t<p>Zdeterminowani, aby wprowadzi\u0107 realn\u0105 zmian\u0119, zacz\u0119li\u015bmy dzia\u0142a\u0107. Zebrali\u015bmy wiedz\u0119 ekspert\u00f3w i stworzyli\u015bmy kursy online, kt\u00f3re pomagaj\u0105 nauczycielom lepiej wspiera\u0107 uczni\u00f3w neuroatypowych. Potrzeba by\u0142a bezdyskusyjna. W ci\u0105gu zaledwie dw\u00f3ch lat Oppimaa przeszkoli\u0142a ponad 11% nauczycieli w Finlandii &#8211; co stanowi dow\u00f3d zar\u00f3wno na skal\u0119 zapotrzebowania na t\u0119 wiedz\u0119, jak i na wysok\u0105 jako\u015b\u0107 naszych szkole\u0144.<\/p>\n<h2>\n\t\t\tEkspansja mi\u0119dzynarodowa<br \/>\t<\/h2>\n\t<p>W miar\u0119 jak wie\u015b\u0107 o nas si\u0119 rozchodzi\u0142a, zg\u0142asza\u0142y si\u0119 szko\u0142y i przedszkola szwedzkoj\u0119zyczne w Finlandii. Wkr\u00f3tce pojawi\u0142y si\u0119 r\u00f3wnie\u017c zapytania w j\u0119zyku angielskim. Zainteresowanie stale ros\u0142o. Obecnie Oppimaa oferuje szkolenia na \u015bwiatowym poziomie nauczycielom na ca\u0142ym \u015bwiecie, otrzymuj\u0105c entuzjastyczne opinie od pedagog\u00f3w z r\u00f3\u017cnych kraj\u00f3w i kultur.<\/p>\n<h2>\n\t\t\tNasza misja, Tw\u00f3j wp\u0142yw<br \/>\t<\/h2>\n\t<p>Naszym celem jest jedno: poprawa jako\u015bci \u017cycia dzieci neuroatypowych poprzez wyposa\u017cenie nauczycieli w odpowiednie narz\u0119dzia i wiedz\u0119. Wraz z osi\u0105ganiem kolejnych kamieni milowych ro\u015bnie nasz wp\u0142yw &#8211; ale prawdziwy sukces nale\u017cy do nauczycieli. To ich zaanga\u017cowanie w nauk\u0119 i ch\u0119\u0107 niesienia zmiany s\u0105 si\u0142\u0105 nap\u0119dow\u0105 wszystkiego, co robimy. Do\u0142\u0105cz do nas i sta\u0144 si\u0119 cz\u0119\u015bci\u0105 ruchu, kt\u00f3ry zmienia edukacj\u0119 &#8211; nauczyciel po nauczycielu.<\/p>\n\t<p>Je\u015bli masz pytania lub potrzebujesz pomocy, wy\u015blij do nas e-mail. Odpowiemy na Twoj\u0105 wiadomo\u015b\u0107 w ci\u0105gu jednego dnia roboczego.<\/p>\n\tOppimaa Sp. z o.o. (2427713-5)<br \/>\n00100 Helsinki\nFakturowanie elektroniczne:<br \/>\nAdres faktury elektronicznej (Kod OVT): 003724277135<br \/>\nKod operatora: 003723327487<br \/>\nOperator: Apix Messaging Oy\n\t\t\t\t<img decoding=\"async\" src=\"https:\/\/lite.demos.wpbeaverbuilder.com\/wp-content\/uploads\/sites\/28\/2020\/02\/photo-1558403194-611308249627-1-768x768-5.jpg\" alt=\"\" itemprop=\"image\" onerror=\"this.style.display='none'\" loading=\"lazy\" \/>\n\t\t\t\t<img decoding=\"async\" src=\"https:\/\/oppimaa.com\/wp-content\/uploads\/2025\/08\/HELENA2.jpg\" alt=\"HELENA2\" itemprop=\"image\" height=\"562\" width=\"470\" title=\"HELENA2\" onerror=\"this.style.display='none'\" loading=\"lazy\" \/>\n\t\t\t\t<img decoding=\"async\" src=\"https:\/\/oppimaa.com\/wp-content\/uploads\/2025\/08\/OIP.webp\" alt=\"OIP\" itemprop=\"image\" height=\"360\" width=\"360\" title=\"OIP\" onerror=\"this.style.display='none'\" loading=\"lazy\" \/>\n\t<b>Wsparcie<br \/>\n<\/b>support@oppimaa.com\n\t<b>Prezes <\/b>Helena Lehtim\u00e4ki<b><br \/>\n<\/b>helena.lehtimaki@oppimaa.fi\n\t<b>Producent <\/b>Markus Er\u00e4pohja<b><br \/>\n<\/b>markus.erapohja@oppimaa.fi\n\n","protected":false},"excerpt":{"rendered":"<p>O firmie Oppimaa Oppimaa, co po fi\u0144sku oznacza \u201eKraina Nauki&#8221;, powsta\u0142a z jasno okre\u015blon\u0105 wizj\u0105. Nasza za\u0142o\u017cycielka, Helena Lehtim\u00e4ki, do\u015bwiadczona dziennikarka, pocz\u0105tkowo uruchomi\u0142a Oppimaa jako magazyn internetowy skierowany do nauczycieli. To, co zacz\u0119\u0142o si\u0119 jako niewielka inicjatywa, rozwin\u0119\u0142o si\u0119 w globaln\u0105 platform\u0119 nap\u0119dzan\u0105 pasj\u0105 do transformacji edukacji. Iskra inspiracji Fi\u0144ski system edukacji od lat plasuje&#8230;<\/p>\n","protected":false},"author":2,"featured_media":3079,"parent":0,"menu_order":0,"comment_status":"closed","ping_status":"closed","template":"","meta":{"_kad_post_transparent":"","_kad_post_title":"hide","_kad_post_layout":"fullwidth","_kad_post_sidebar_id":"","_kad_post_content_style":"unboxed","_kad_post_vertical_padding":"hide","_kad_post_feature":"hide","_kad_post_feature_position":"","_kad_post_header":false,"_kad_post_footer":false,"_kad_post_classname":"","footnotes":""},"class_list":["post-7128","page","type-page","status-publish","has-post-thumbnail","hentry"],"_links":{"self":[{"href":"https:\/\/oppimaa.com\/index.php?rest_route=\/wp\/v2\/pages\/7128","targetHints":{"allow":["GET"]}}],"collection":[{"href":"https:\/\/oppimaa.com\/index.php?rest_route=\/wp\/v2\/pages"}],"about":[{"href":"https:\/\/oppimaa.com\/index.php?rest_route=\/wp\/v2\/types\/page"}],"author":[{"embeddable":true,"href":"https:\/\/oppimaa.com\/index.php?rest_route=\/wp\/v2\/users\/2"}],"replies":[{"embeddable":true,"href":"https:\/\/oppimaa.com\/index.php?rest_route=%2Fwp%2Fv2%2Fcomments&post=7128"}],"version-history":[{"count":6,"href":"https:\/\/oppimaa.com\/index.php?rest_route=\/wp\/v2\/pages\/7128\/revisions"}],"predecessor-version":[{"id":8945,"href":"https:\/\/oppimaa.com\/index.php?rest_route=\/wp\/v2\/pages\/7128\/revisions\/8945"}],"wp:featuredmedia":[{"embeddable":true,"href":"https:\/\/oppimaa.com\/index.php?rest_route=\/wp\/v2\/media\/3079"}],"wp:attachment":[{"href":"https:\/\/oppimaa.com\/index.php?rest_route=%2Fwp%2Fv2%2Fmedia&parent=7128"}],"curies":[{"name":"wp","href":"https:\/\/api.w.org\/{rel}","templated":true}]}}