{"id":7115,"date":"2025-07-13T11:07:28","date_gmt":"2025-07-13T15:07:28","guid":{"rendered":"https:\/\/oppimaa.com\/?page_id=7115"},"modified":"2026-01-10T13:26:12","modified_gmt":"2026-01-10T18:26:12","slug":"uber-uns","status":"publish","type":"page","link":"https:\/\/oppimaa.com\/?page_id=7115&lang=de","title":{"rendered":"\u00dcber uns"},"content":{"rendered":"\n\n\t\t\t\t<img decoding=\"async\" src=\"https:\/\/oppimaa.com\/wp-content\/plugins\/beaver-builder-lite-version\/img\/pixel.png\" alt=\"\" itemprop=\"image\" onerror=\"this.style.display='none'\" loading=\"lazy\" \/>\n\t\t\t\t<img decoding=\"async\" src=\"https:\/\/oppimaa.com\/wp-content\/plugins\/beaver-builder-lite-version\/img\/pixel.png\" alt=\"\" itemprop=\"image\" onerror=\"this.style.display='none'\" loading=\"lazy\" \/>\n\t\t\t\t<img decoding=\"async\" src=\"https:\/\/oppimaa.com\/wp-content\/plugins\/beaver-builder-lite-version\/img\/pixel.png\" alt=\"\" itemprop=\"image\" onerror=\"this.style.display='none'\" loading=\"lazy\" \/>\n\t\t\t\t<img decoding=\"async\" src=\"https:\/\/oppimaa.com\/wp-content\/plugins\/beaver-builder-lite-version\/img\/pixel.png\" alt=\"\" itemprop=\"image\" onerror=\"this.style.display='none'\" loading=\"lazy\" \/>\n\t\t\t\t<img decoding=\"async\" src=\"https:\/\/oppimaa.com\/wp-content\/plugins\/beaver-builder-lite-version\/img\/pixel.png\" alt=\"\" itemprop=\"image\" onerror=\"this.style.display='none'\" loading=\"lazy\" \/>\n<h2>\n\t\t\t\u00dcber Oppimaa\t<\/h2>\n\t<p>Oppimaa, was auf Finnisch \u201eLand des Lernens&#8221; bedeutet, wurde mit einer klaren Vision gegr\u00fcndet. Unsere Gr\u00fcnderin, Helena Lehtim\u00e4ki, eine erfahrene Journalistin, startete Oppimaa zun\u00e4chst als Online-Magazin f\u00fcr Lehrkr\u00e4fte. Aus einer kleinen Initiative ist eine weltweite Plattform geworden, die von der Leidenschaft angetrieben wird, Bildung zu transformieren.<\/p>\n<h2>\n\t\t\tDer Funke\t<\/h2>\n\t<p>Das finnische Bildungssystem geh\u00f6rt seit Jahren zu den besten der Welt und weckt internationale Neugier. Helena wollte herausfinden, worin das Geheimnis dieses Erfolgs liegt. Sie interviewte Hunderte finnische Bildungsexpertinnen und -experten, um herauszufinden, was das System so au\u00dfergew\u00f6hnlich macht. Dabei kristallisierte sich eine zentrale Erkenntnis immer wieder heraus: Lehrkr\u00e4fte berichteten, dass neurodiverse Kinder &#8211; etwa mit ADHS, ADD, Autismus oder \u00e4hnlichen Merkmalen &#8211; oft nicht ausreichend erkannt oder unterst\u00fctzt w\u00fcrden. Diese Einsicht wurde zum Fundament der Mission von Oppimaa.<\/p>\n<h2>\n\t\t\tAntwort auf den Bedarf\t<\/h2>\n\t<p>Entschlossen, etwas zu bewirken, wurde Oppimaa aktiv. Wir sammelten das Fachwissen von Expertinnen und Experten und entwickelten Online-Fortbildungen, um Lehrkr\u00e4fte besser darin zu unterst\u00fctzen, neurodivergente Sch\u00fclerinnen und Sch\u00fcler zu f\u00f6rdern. Der Bedarf war offensichtlich: Innerhalb von nur zwei Jahren hatte Oppimaa mehr als 11 % der finnischen Lehrkr\u00e4fte fortgebildet &#8211; ein klarer Beleg sowohl f\u00fcr die hohe Nachfrage als auch f\u00fcr die Qualit\u00e4t unserer Trainings.<\/p>\n<h2>\n\t\t\tInternationalisierung\t<\/h2>\n\t<p>Mit zunehmender Bekanntheit meldeten sich bald auch schwedischsprachige Schulen und Kindertagesst\u00e4tten in Finnland. Kurz darauf gingen erste Anfragen auf Englisch ein. Die Nachfrage wuchs kontinuierlich. Heute bietet Oppimaa weltweit hochwertige Fortbildungen f\u00fcr P\u00e4dagoginnen und P\u00e4dagogen an und erh\u00e4lt begeistertes Feedback von Lehrkr\u00e4ften aus verschiedenen Kulturen.<\/p>\n<h2>\n\t\t\tUnsere Mission &#8211; Ihr Beitrag\t<\/h2>\n\t<p>Unser Ziel ist einfach: das Leben neurodiverser Kinder zu verbessern, indem wir Lehrkr\u00e4ften das n\u00f6tige Wissen und die richtigen Werkzeuge an die Hand geben. Mit jedem erreichten Meilenstein w\u00e4chst unsere Wirkung &#8211; doch der wahre Erfolg geh\u00f6rt den Lehrkr\u00e4ften. Ihr Engagement f\u00fcr lebenslanges Lernen und ihr Einsatz, etwas zu ver\u00e4ndern, treiben uns an. Schlie\u00dfen Sie sich uns an und werden Sie Teil einer Bewegung, die Bildung Schritt f\u00fcr Schritt neu gestaltet &#8211; Lehrkraft f\u00fcr Lehrkraft.<\/p>\n\t<p>Falls Sie Fragen haben oder Unterst\u00fctzung ben\u00f6tigen, schreiben Sie uns gerne eine E-Mail. Sie erhalten in der Regel innerhalb eines Werktages eine Antwort.<\/p>\n\tOppimaa GmbH (2427713-5)<br \/>\n00100 Helsinki\nElektronische Rechnungsstellung:<br \/>\nE-Rechnungsadresse (OVT-Kennung): 003724277135<br \/>\nVermittlercode: 003723327487<br \/>\nVermittler: Apix Messaging Oy\n\t\t\t\t<img decoding=\"async\" src=\"https:\/\/lite.demos.wpbeaverbuilder.com\/wp-content\/uploads\/sites\/28\/2020\/02\/photo-1558403194-611308249627-1-768x768-5.jpg\" alt=\"\" itemprop=\"image\" onerror=\"this.style.display='none'\" loading=\"lazy\" \/>\n\t\t\t\t<img decoding=\"async\" src=\"https:\/\/oppimaa.com\/wp-content\/uploads\/2025\/08\/HELENA2.jpg\" alt=\"HELENA2\" itemprop=\"image\" height=\"562\" width=\"470\" title=\"HELENA2\" onerror=\"this.style.display='none'\" loading=\"lazy\" \/>\n\t\t\t\t<img decoding=\"async\" src=\"https:\/\/oppimaa.com\/wp-content\/uploads\/2025\/08\/OIP.webp\" alt=\"OIP\" itemprop=\"image\" height=\"360\" width=\"360\" title=\"OIP\" onerror=\"this.style.display='none'\" loading=\"lazy\" \/>\n\t<b>Unterst\u00fctzung<br \/>\n<\/b>support@oppimaa.com\n\t<b>GF <\/b>Helena Lehtim\u00e4ki<b><br \/>\n<\/b>helena.lehtimaki@oppimaa.fi\n\t<b>Produzent <\/b>Markus Er\u00e4pohja<b><br \/>\n<\/b>markus.erapohja@oppimaa.fi\n\n","protected":false},"excerpt":{"rendered":"<p>\u00dcber Oppimaa Oppimaa, was auf Finnisch \u201eLand des Lernens&#8221; bedeutet, wurde mit einer klaren Vision gegr\u00fcndet. Unsere Gr\u00fcnderin, Helena Lehtim\u00e4ki, eine erfahrene Journalistin, startete Oppimaa zun\u00e4chst als Online-Magazin f\u00fcr Lehrkr\u00e4fte. Aus einer kleinen Initiative ist eine weltweite Plattform geworden, die von der Leidenschaft angetrieben wird, Bildung zu transformieren. Der Funke Das finnische Bildungssystem geh\u00f6rt seit&#8230;<\/p>\n","protected":false},"author":2,"featured_media":3079,"parent":0,"menu_order":0,"comment_status":"closed","ping_status":"closed","template":"","meta":{"_kad_post_transparent":"","_kad_post_title":"hide","_kad_post_layout":"fullwidth","_kad_post_sidebar_id":"","_kad_post_content_style":"unboxed","_kad_post_vertical_padding":"hide","_kad_post_feature":"hide","_kad_post_feature_position":"","_kad_post_header":false,"_kad_post_footer":false,"_kad_post_classname":"","footnotes":""},"class_list":["post-7115","page","type-page","status-publish","has-post-thumbnail","hentry"],"_links":{"self":[{"href":"https:\/\/oppimaa.com\/index.php?rest_route=\/wp\/v2\/pages\/7115","targetHints":{"allow":["GET"]}}],"collection":[{"href":"https:\/\/oppimaa.com\/index.php?rest_route=\/wp\/v2\/pages"}],"about":[{"href":"https:\/\/oppimaa.com\/index.php?rest_route=\/wp\/v2\/types\/page"}],"author":[{"embeddable":true,"href":"https:\/\/oppimaa.com\/index.php?rest_route=\/wp\/v2\/users\/2"}],"replies":[{"embeddable":true,"href":"https:\/\/oppimaa.com\/index.php?rest_route=%2Fwp%2Fv2%2Fcomments&post=7115"}],"version-history":[{"count":5,"href":"https:\/\/oppimaa.com\/index.php?rest_route=\/wp\/v2\/pages\/7115\/revisions"}],"predecessor-version":[{"id":8947,"href":"https:\/\/oppimaa.com\/index.php?rest_route=\/wp\/v2\/pages\/7115\/revisions\/8947"}],"wp:featuredmedia":[{"embeddable":true,"href":"https:\/\/oppimaa.com\/index.php?rest_route=\/wp\/v2\/media\/3079"}],"wp:attachment":[{"href":"https:\/\/oppimaa.com\/index.php?rest_route=%2Fwp%2Fv2%2Fmedia&parent=7115"}],"curies":[{"name":"wp","href":"https:\/\/api.w.org\/{rel}","templated":true}]}}