{"id":7107,"date":"2025-07-13T11:03:28","date_gmt":"2025-07-13T15:03:28","guid":{"rendered":"https:\/\/oppimaa.com\/?page_id=7107"},"modified":"2026-01-10T13:27:15","modified_gmt":"2026-01-10T18:27:15","slug":"acerca-de","status":"publish","type":"page","link":"https:\/\/oppimaa.com\/?page_id=7107&lang=es","title":{"rendered":"Acerca de"},"content":{"rendered":"\n\n\t\t\t\t<img decoding=\"async\" src=\"https:\/\/oppimaa.com\/wp-content\/plugins\/beaver-builder-lite-version\/img\/pixel.png\" alt=\"\" itemprop=\"image\" onerror=\"this.style.display='none'\" loading=\"lazy\" \/>\n\t\t\t\t<img decoding=\"async\" src=\"https:\/\/oppimaa.com\/wp-content\/plugins\/beaver-builder-lite-version\/img\/pixel.png\" alt=\"\" itemprop=\"image\" onerror=\"this.style.display='none'\" loading=\"lazy\" \/>\n\t\t\t\t<img decoding=\"async\" src=\"https:\/\/oppimaa.com\/wp-content\/plugins\/beaver-builder-lite-version\/img\/pixel.png\" alt=\"\" itemprop=\"image\" onerror=\"this.style.display='none'\" loading=\"lazy\" \/>\n\t\t\t\t<img decoding=\"async\" src=\"https:\/\/oppimaa.com\/wp-content\/plugins\/beaver-builder-lite-version\/img\/pixel.png\" alt=\"\" itemprop=\"image\" onerror=\"this.style.display='none'\" loading=\"lazy\" \/>\n\t\t\t\t<img decoding=\"async\" src=\"https:\/\/oppimaa.com\/wp-content\/plugins\/beaver-builder-lite-version\/img\/pixel.png\" alt=\"\" itemprop=\"image\" onerror=\"this.style.display='none'\" loading=\"lazy\" \/>\n<h2>\n\t\t\tSobre Oppimaa\t<\/h2>\n\t<p>Oppimaa, que significa &#8220;Tierra del Aprendizaje&#8221; en fin\u00e9s, naci\u00f3 con una visi\u00f3n clara. Nuestra fundadora, Helena Lehtim\u00e4ki, periodista con amplia experiencia, lo lanz\u00f3 inicialmente como una revista digital para docentes. Lo que comenz\u00f3 como una peque\u00f1a iniciativa se ha convertido en una plataforma global, impulsada por la pasi\u00f3n de transformar la educaci\u00f3n.<\/p>\n<h2>\n\t\t\tLa chispa\t<\/h2>\n\t<p>El sistema educativo finland\u00e9s ha ocupado de manera constante los primeros puestos a nivel mundial, despertando la curiosidad internacional. Helena quiso descubrir la clave de su \u00e9xito. Entrevist\u00f3 a cientos de expertos en educaci\u00f3n en Finlandia, buscando comprender qu\u00e9 hac\u00eda tan excepcional al sistema. Una conclusi\u00f3n cr\u00edtica se repiti\u00f3 una y otra vez: los docentes sent\u00edan que los ni\u00f1os neurodivergentes -aquellos con TDAH, TDA, autismo u otras caracter\u00edsticas similares- no estaban siendo identificados ni apoyados de forma adecuada. Esta constataci\u00f3n se convirti\u00f3 en el fundamento de la misi\u00f3n de Oppimaa.<\/p>\n<h2>\n\t\t\tResponder a la demanda\t<\/h2>\n\t<p>Decididos a marcar la diferencia, en Oppimaa nos pusimos manos a la obra. Recopilamos las perspectivas de expertos y creamos cursos en l\u00ednea para ayudar al profesorado a brindar un mejor apoyo a estudiantes neurodivergentes. La necesidad era innegable. En tan solo dos a\u00f1os, Oppimaa hab\u00eda formado a m\u00e1s del 11 % del profesorado de Finlandia, prueba tanto de la demanda existente como de la calidad de nuestra capacitaci\u00f3n.<\/p>\n<h2>\n\t\t\tHacia el \u00e1mbito internacional\t<\/h2>\n\t<p>A medida que se corri\u00f3 la voz, escuelas y centros infantiles de habla sueca en Finlandia se interesaron por nuestros contenidos. Pronto empezaron a llegar consultas tambi\u00e9n en ingl\u00e9s. La demanda sigui\u00f3 creciendo. Hoy, Oppimaa ofrece formaci\u00f3n de primer nivel a educadores de todo el mundo, recibiendo comentarios entusiastas de docentes de distintas culturas.<\/p>\n<h2>\n\t\t\tNuestra misi\u00f3n, tu impacto\t<\/h2>\n\t<p>Nuestro objetivo es sencillo: mejorar la vida de los ni\u00f1os neurodivergentes proporcionando al profesorado las herramientas que necesita. A medida que alcanzamos nuevos hitos, nuestro impacto se ampl\u00eda, pero el verdadero \u00e9xito pertenece a los docentes. Su dedicaci\u00f3n por aprender y por marcar la diferencia es el motor de todo lo que hacemos. \u00danete a nosotros y forma parte de este movimiento que est\u00e1 transformando la educaci\u00f3n, docente a docente.<\/p>\n\t<p>Si tienes preguntas o necesitas asistencia, por favor env\u00edanos un correo electr\u00f3nico. Te responderemos en un plazo m\u00e1ximo de un d\u00eda h\u00e1bil.<\/p>\n\tOppimaa S.L. (2427713-5)<br \/>\n00100 Helsinki\nFacturaci\u00f3n electr\u00f3nica:<br \/>\nDirecci\u00f3n de factura electr\u00f3nica (C\u00f3digo OVT): 003724277135<br \/>\nC\u00f3digo de operador: 003723327487<br \/>\nOperador: Apix Messaging Oy\n<p>&nbsp;<\/p>\n\t\t\t\t<img decoding=\"async\" src=\"https:\/\/lite.demos.wpbeaverbuilder.com\/wp-content\/uploads\/sites\/28\/2020\/02\/photo-1558403194-611308249627-1-768x768-5.jpg\" alt=\"\" itemprop=\"image\" onerror=\"this.style.display='none'\" loading=\"lazy\" \/>\n\t\t\t\t<img decoding=\"async\" src=\"https:\/\/oppimaa.com\/wp-content\/uploads\/2025\/08\/HELENA2.jpg\" alt=\"HELENA2\" itemprop=\"image\" height=\"562\" width=\"470\" title=\"HELENA2\" onerror=\"this.style.display='none'\" loading=\"lazy\" \/>\n\t\t\t\t<img decoding=\"async\" src=\"https:\/\/oppimaa.com\/wp-content\/uploads\/2025\/08\/OIP.webp\" alt=\"OIP\" itemprop=\"image\" height=\"360\" width=\"360\" title=\"OIP\" onerror=\"this.style.display='none'\" loading=\"lazy\" \/>\n\t<b>Soporte<br \/>\n<\/b>support@oppimaa.com\n\t<b>Director Ejecutivo <\/b>Helena Lehtim\u00e4ki<b><br \/>\n<\/b>helena.lehtimaki@oppimaa.fi\n\t<b>Productor <\/b>Markus Er\u00e4pohja<b><br \/>\n<\/b>markus.erapohja@oppimaa.fi\n\n","protected":false},"excerpt":{"rendered":"<p>Sobre Oppimaa Oppimaa, que significa &#8220;Tierra del Aprendizaje&#8221; en fin\u00e9s, naci\u00f3 con una visi\u00f3n clara. Nuestra fundadora, Helena Lehtim\u00e4ki, periodista con amplia experiencia, lo lanz\u00f3 inicialmente como una revista digital para docentes. Lo que comenz\u00f3 como una peque\u00f1a iniciativa se ha convertido en una plataforma global, impulsada por la pasi\u00f3n de transformar la educaci\u00f3n. La&#8230;<\/p>\n","protected":false},"author":2,"featured_media":3079,"parent":0,"menu_order":0,"comment_status":"closed","ping_status":"closed","template":"","meta":{"_kad_post_transparent":"","_kad_post_title":"hide","_kad_post_layout":"fullwidth","_kad_post_sidebar_id":"","_kad_post_content_style":"unboxed","_kad_post_vertical_padding":"hide","_kad_post_feature":"hide","_kad_post_feature_position":"","_kad_post_header":false,"_kad_post_footer":false,"_kad_post_classname":"","footnotes":""},"class_list":["post-7107","page","type-page","status-publish","has-post-thumbnail","hentry"],"_links":{"self":[{"href":"https:\/\/oppimaa.com\/index.php?rest_route=\/wp\/v2\/pages\/7107","targetHints":{"allow":["GET"]}}],"collection":[{"href":"https:\/\/oppimaa.com\/index.php?rest_route=\/wp\/v2\/pages"}],"about":[{"href":"https:\/\/oppimaa.com\/index.php?rest_route=\/wp\/v2\/types\/page"}],"author":[{"embeddable":true,"href":"https:\/\/oppimaa.com\/index.php?rest_route=\/wp\/v2\/users\/2"}],"replies":[{"embeddable":true,"href":"https:\/\/oppimaa.com\/index.php?rest_route=%2Fwp%2Fv2%2Fcomments&post=7107"}],"version-history":[{"count":6,"href":"https:\/\/oppimaa.com\/index.php?rest_route=\/wp\/v2\/pages\/7107\/revisions"}],"predecessor-version":[{"id":8948,"href":"https:\/\/oppimaa.com\/index.php?rest_route=\/wp\/v2\/pages\/7107\/revisions\/8948"}],"wp:featuredmedia":[{"embeddable":true,"href":"https:\/\/oppimaa.com\/index.php?rest_route=\/wp\/v2\/media\/3079"}],"wp:attachment":[{"href":"https:\/\/oppimaa.com\/index.php?rest_route=%2Fwp%2Fv2%2Fmedia&parent=7107"}],"curies":[{"name":"wp","href":"https:\/\/api.w.org\/{rel}","templated":true}]}}